{"id":47,"date":"2017-10-15T12:22:47","date_gmt":"2017-10-15T10:22:47","guid":{"rendered":"http:\/\/www.brokind.se\/bbs\/?page_id=47"},"modified":"2026-05-04T20:17:08","modified_gmt":"2026-05-04T18:17:08","slug":"brygga-for-sma-batar","status":"publish","type":"page","link":"https:\/\/www.brokind.se\/bbs\/anlaggning\/brygga-for-sma-batar\/","title":{"rendered":"Brygga f\u00f6r sm\u00e5 b\u00e5tar"},"content":{"rendered":"","protected":false},"excerpt":{"rendered":"","protected":false},"author":1,"featured_media":0,"parent":16,"menu_order":0,"comment_status":"closed","ping_status":"closed","template":"page-templates\/full-width-page.php","meta":{"_acf_changed":false,"footnotes":""},"class_list":["post-47","page","type-page","status-publish","hentry","without-featured-image"],"acf":[],"_links":{"self":[{"href":"https:\/\/www.brokind.se\/bbs\/wp-json\/wp\/v2\/pages\/47","targetHints":{"allow":["GET"]}}],"collection":[{"href":"https:\/\/www.brokind.se\/bbs\/wp-json\/wp\/v2\/pages"}],"about":[{"href":"https:\/\/www.brokind.se\/bbs\/wp-json\/wp\/v2\/types\/page"}],"author":[{"embeddable":true,"href":"https:\/\/www.brokind.se\/bbs\/wp-json\/wp\/v2\/users\/1"}],"replies":[{"embeddable":true,"href":"https:\/\/www.brokind.se\/bbs\/wp-json\/wp\/v2\/comments?post=47"}],"version-history":[{"count":47,"href":"https:\/\/www.brokind.se\/bbs\/wp-json\/wp\/v2\/pages\/47\/revisions"}],"predecessor-version":[{"id":489,"href":"https:\/\/www.brokind.se\/bbs\/wp-json\/wp\/v2\/pages\/47\/revisions\/489"}],"up":[{"embeddable":true,"href":"https:\/\/www.brokind.se\/bbs\/wp-json\/wp\/v2\/pages\/16"}],"wp:attachment":[{"href":"https:\/\/www.brokind.se\/bbs\/wp-json\/wp\/v2\/media?parent=47"}],"curies":[{"name":"wp","href":"https:\/\/api.w.org\/{rel}","templated":true}]}}