{"id":45,"date":"2017-10-15T12:22:31","date_gmt":"2017-10-15T10:22:31","guid":{"rendered":"http:\/\/www.brokind.se\/bbs\/?page_id=45"},"modified":"2025-03-10T19:30:20","modified_gmt":"2025-03-10T18:30:20","slug":"brygga-for-stora-batar","status":"publish","type":"page","link":"https:\/\/www.brokind.se\/bbs\/anlaggning\/brygga-for-stora-batar\/","title":{"rendered":"Brygga f\u00f6r stora b\u00e5tar"},"content":{"rendered":"<p>Anm\u00e4rkning:<br \/>\nPlatserna 39 &#8211; 41 \u00e4r avsedda f\u00f6r mindre b\u00e5tar som ligger insides stora bryggan och r\u00e4knas som plats utan Y-bom\/roddb\u00e5t.<\/p>\n","protected":false},"excerpt":{"rendered":"<p>Anm\u00e4rkning: Platserna 39 &#8211; 41 \u00e4r avsedda f\u00f6r mindre b\u00e5tar som ligger insides stora bryggan och r\u00e4knas som plats utan Y-bom\/roddb\u00e5t.<\/p>\n","protected":false},"author":1,"featured_media":0,"parent":16,"menu_order":0,"comment_status":"closed","ping_status":"closed","template":"page-templates\/full-width-page.php","meta":{"_acf_changed":false,"footnotes":""},"class_list":["post-45","page","type-page","status-publish","hentry","without-featured-image"],"acf":[],"_links":{"self":[{"href":"https:\/\/www.brokind.se\/bbs\/wp-json\/wp\/v2\/pages\/45","targetHints":{"allow":["GET"]}}],"collection":[{"href":"https:\/\/www.brokind.se\/bbs\/wp-json\/wp\/v2\/pages"}],"about":[{"href":"https:\/\/www.brokind.se\/bbs\/wp-json\/wp\/v2\/types\/page"}],"author":[{"embeddable":true,"href":"https:\/\/www.brokind.se\/bbs\/wp-json\/wp\/v2\/users\/1"}],"replies":[{"embeddable":true,"href":"https:\/\/www.brokind.se\/bbs\/wp-json\/wp\/v2\/comments?post=45"}],"version-history":[{"count":17,"href":"https:\/\/www.brokind.se\/bbs\/wp-json\/wp\/v2\/pages\/45\/revisions"}],"predecessor-version":[{"id":461,"href":"https:\/\/www.brokind.se\/bbs\/wp-json\/wp\/v2\/pages\/45\/revisions\/461"}],"up":[{"embeddable":true,"href":"https:\/\/www.brokind.se\/bbs\/wp-json\/wp\/v2\/pages\/16"}],"wp:attachment":[{"href":"https:\/\/www.brokind.se\/bbs\/wp-json\/wp\/v2\/media?parent=45"}],"curies":[{"name":"wp","href":"https:\/\/api.w.org\/{rel}","templated":true}]}}