{"id":43,"date":"2017-10-15T12:22:06","date_gmt":"2017-10-15T10:22:06","guid":{"rendered":"http:\/\/www.brokind.se\/bbs\/?page_id=43"},"modified":"2021-06-22T18:35:17","modified_gmt":"2021-06-22T16:35:17","slug":"kanotstall-och-jollar","status":"publish","type":"page","link":"https:\/\/www.brokind.se\/bbs\/anlaggning\/kanotstall-och-jollar\/","title":{"rendered":"Kanotst\u00e4ll"},"content":{"rendered":"<p>Vi har plats f\u00f6r sex kanoter i v\u00e5rt kanotst\u00e4ll. F\u00f6ljande medlemmar utnyttjar\/betalar f\u00f6r platser i st\u00e4llet:<\/p>\n<ul>\n<li>Martin Lindvall<\/li>\n<li>Per L\u00f6nn<\/li>\n<li>Stefan Lund<\/li>\n<li>Fredrik Landberg<\/li>\n<li>Hanna Ljungberg<\/li>\n<li>Ingrid S\u00f6derb\u00e4ck<\/li>\n<\/ul>\n<p>OBS! Tv\u00e5 kanadensare har plockats bort fr\u00e5n st\u00e4llet d\u00e5 vi inte kan identifiera \u00e4garna. Dessa ligger bakom omkl\u00e4dningsrummen och kommer att kommer att l\u00e4mnas till polisen om \u00e4garna inte h\u00f6r av sig.<\/p>\n","protected":false},"excerpt":{"rendered":"<p>Vi har plats f\u00f6r sex kanoter i v\u00e5rt kanotst\u00e4ll. F\u00f6ljande medlemmar utnyttjar\/betalar f\u00f6r platser i st\u00e4llet: Martin Lindvall Per L\u00f6nn Stefan Lund Fredrik Landberg Hanna Ljungberg Ingrid S\u00f6derb\u00e4ck OBS! Tv\u00e5 kanadensare har plockats bort fr\u00e5n st\u00e4llet d\u00e5 vi inte kan identifiera \u00e4garna. Dessa ligger bakom omkl\u00e4dningsrummen och kommer att kommer att l\u00e4mnas till polisen om [&hellip;]<\/p>\n","protected":false},"author":1,"featured_media":0,"parent":16,"menu_order":0,"comment_status":"closed","ping_status":"closed","template":"page-templates\/full-width-page.php","meta":{"_acf_changed":false,"footnotes":""},"class_list":["post-43","page","type-page","status-publish","hentry","without-featured-image"],"acf":[],"_links":{"self":[{"href":"https:\/\/www.brokind.se\/bbs\/wp-json\/wp\/v2\/pages\/43","targetHints":{"allow":["GET"]}}],"collection":[{"href":"https:\/\/www.brokind.se\/bbs\/wp-json\/wp\/v2\/pages"}],"about":[{"href":"https:\/\/www.brokind.se\/bbs\/wp-json\/wp\/v2\/types\/page"}],"author":[{"embeddable":true,"href":"https:\/\/www.brokind.se\/bbs\/wp-json\/wp\/v2\/users\/1"}],"replies":[{"embeddable":true,"href":"https:\/\/www.brokind.se\/bbs\/wp-json\/wp\/v2\/comments?post=43"}],"version-history":[{"count":8,"href":"https:\/\/www.brokind.se\/bbs\/wp-json\/wp\/v2\/pages\/43\/revisions"}],"predecessor-version":[{"id":397,"href":"https:\/\/www.brokind.se\/bbs\/wp-json\/wp\/v2\/pages\/43\/revisions\/397"}],"up":[{"embeddable":true,"href":"https:\/\/www.brokind.se\/bbs\/wp-json\/wp\/v2\/pages\/16"}],"wp:attachment":[{"href":"https:\/\/www.brokind.se\/bbs\/wp-json\/wp\/v2\/media?parent=43"}],"curies":[{"name":"wp","href":"https:\/\/api.w.org\/{rel}","templated":true}]}}