{"id":39,"date":"2017-10-15T12:21:15","date_gmt":"2017-10-15T10:21:15","guid":{"rendered":"http:\/\/www.brokind.se\/bbs\/?page_id=39"},"modified":"2018-08-03T15:13:12","modified_gmt":"2018-08-03T13:13:12","slug":"ramp-el","status":"publish","type":"page","link":"https:\/\/www.brokind.se\/bbs\/anlaggning\/ramp-el\/","title":{"rendered":"Ramp och el"},"content":{"rendered":"<h2>Ramp f\u00f6r sj\u00f6s\u00e4ttning och upptagning av b\u00e5tar<\/h2>\n<p>Nyckeln till rampen finns att h\u00e4mta i aff\u00e4ren i Brokind (N\u00e4ra Dig). Se kartan. Avst\u00e5nd ca 700 meter.<\/p>\n<p>\u00d6ppet alla dagar 9:00 &#8211; 19:00. Telefonnummer 013-411 90.<\/p>\n<p>Kostnad f\u00f6r icke medlemmar i Brokinds B\u00e5ts\u00e4llskap \u00e4r 50,- SEK per tillf\u00e4lle man utnyttjar den.<\/p>\n<p><img loading=\"lazy\" decoding=\"async\" class=\"alignnone wp-image-149 size-full\" src=\"http:\/\/www.brokind.se\/bbs\/wp-content\/uploads\/2017\/10\/BBS-affar-1.jpg\" alt=\"\" width=\"1000\" height=\"574\" srcset=\"https:\/\/www.brokind.se\/bbs\/wp-content\/uploads\/2017\/10\/BBS-affar-1.jpg 1000w, https:\/\/www.brokind.se\/bbs\/wp-content\/uploads\/2017\/10\/BBS-affar-1-300x172.jpg 300w, https:\/\/www.brokind.se\/bbs\/wp-content\/uploads\/2017\/10\/BBS-affar-1-768x441.jpg 768w, https:\/\/www.brokind.se\/bbs\/wp-content\/uploads\/2017\/10\/BBS-affar-1-662x380.jpg 662w\" sizes=\"auto, (max-width: 1000px) 100vw, 1000px\" \/><\/p>\n<h2>El<\/h2>\n<p>I samband med att BBS drog fram elektricitet f\u00f6r att f\u00f6rb\u00e4ttra belysningen av b\u00e5tarna nattetid medgavs \u00e4ven m\u00f6jligheten till att utnyttja el f\u00f6r underh\u00e5ll av b\u00e5tarna.<\/p>\n<p>Vid \u00e5rsm\u00f6tet 2005 beslutades att frekventa anv\u00e4ndare av el ska betala en \u00e5rlig kostnad p\u00e5 100,- f\u00f6r detta. Pengarna s\u00e4tts in p\u00e5 BBS bankgiro 5220-2587. Det \u00e4r anv\u00e4ndarens samvete som avg\u00f6r om man ska betala eller inte. Det kommer ingen separat avi fr\u00e5n kass\u00f6ren<\/p>\n","protected":false},"excerpt":{"rendered":"<p>Ramp f\u00f6r sj\u00f6s\u00e4ttning och upptagning av b\u00e5tar Nyckeln till rampen finns att h\u00e4mta i aff\u00e4ren i Brokind (N\u00e4ra Dig). Se kartan. Avst\u00e5nd ca 700 meter. \u00d6ppet alla dagar 9:00 &#8211; 19:00. Telefonnummer 013-411 90. Kostnad f\u00f6r icke medlemmar i Brokinds B\u00e5ts\u00e4llskap \u00e4r 50,- SEK per tillf\u00e4lle man utnyttjar den. El I samband med att BBS [&hellip;]<\/p>\n","protected":false},"author":1,"featured_media":0,"parent":16,"menu_order":0,"comment_status":"closed","ping_status":"closed","template":"page-templates\/full-width-page.php","meta":{"_acf_changed":false,"footnotes":""},"class_list":["post-39","page","type-page","status-publish","hentry","without-featured-image"],"acf":[],"_links":{"self":[{"href":"https:\/\/www.brokind.se\/bbs\/wp-json\/wp\/v2\/pages\/39","targetHints":{"allow":["GET"]}}],"collection":[{"href":"https:\/\/www.brokind.se\/bbs\/wp-json\/wp\/v2\/pages"}],"about":[{"href":"https:\/\/www.brokind.se\/bbs\/wp-json\/wp\/v2\/types\/page"}],"author":[{"embeddable":true,"href":"https:\/\/www.brokind.se\/bbs\/wp-json\/wp\/v2\/users\/1"}],"replies":[{"embeddable":true,"href":"https:\/\/www.brokind.se\/bbs\/wp-json\/wp\/v2\/comments?post=39"}],"version-history":[{"count":10,"href":"https:\/\/www.brokind.se\/bbs\/wp-json\/wp\/v2\/pages\/39\/revisions"}],"predecessor-version":[{"id":184,"href":"https:\/\/www.brokind.se\/bbs\/wp-json\/wp\/v2\/pages\/39\/revisions\/184"}],"up":[{"embeddable":true,"href":"https:\/\/www.brokind.se\/bbs\/wp-json\/wp\/v2\/pages\/16"}],"wp:attachment":[{"href":"https:\/\/www.brokind.se\/bbs\/wp-json\/wp\/v2\/media?parent=39"}],"curies":[{"name":"wp","href":"https:\/\/api.w.org\/{rel}","templated":true}]}}