{"id":33,"date":"2017-10-15T12:16:54","date_gmt":"2017-10-15T10:16:54","guid":{"rendered":"http:\/\/www.brokind.se\/bbs\/?page_id=33"},"modified":"2021-01-13T21:27:53","modified_gmt":"2021-01-13T20:27:53","slug":"avgifter","status":"publish","type":"page","link":"https:\/\/www.brokind.se\/bbs\/avgifter\/","title":{"rendered":"Avgifter"},"content":{"rendered":"<p>Avgifterna fastst\u00e4lls av \u00e5rsm\u00f6tet. Avgifter betalas till BBS bankgiro 5220-2587<br \/>\nF\u00f6ljande avgifter g\u00e4ller f\u00f6r 2021.<\/p>\n<table id=\"table2\" border=\"0\" width=\"600\" cellspacing=\"0\" cellpadding=\"0\">\n<tbody>\n<tr>\n<td valign=\"top\" width=\"60%\"><span style=\"font-family: Verdana; font-size: small;\">Medlemsavgift<\/span><\/td>\n<td align=\"center\" valign=\"top\" width=\"40%\"><span style=\"font-family: Verdana; font-size: small;\">250,-\/\u00e5r<\/span><\/td>\n<\/tr>\n<tr>\n<td valign=\"top\" width=\"60%\"><span style=\"font-family: Verdana; font-size: small;\">Liten b\u00e5t utan Y-bom<\/span><\/td>\n<td align=\"center\" valign=\"top\" width=\"40%\"><span style=\"font-family: Verdana; font-size: small;\">250,-\/\u00e5r<\/span><\/td>\n<\/tr>\n<tr>\n<td valign=\"top\" width=\"60%\"><span style=\"font-family: Verdana; font-size: small;\">B\u00e5t med Y-bom<\/span><\/td>\n<td align=\"center\" valign=\"top\" width=\"40%\"><span style=\"font-family: Verdana; font-size: small;\">700,-\/\u00e5r<\/span><\/td>\n<\/tr>\n<tr>\n<td valign=\"top\" width=\"60%\"><span style=\"font-family: Verdana; font-size: small;\">Stor b\u00e5t<\/span><\/td>\n<td align=\"center\" valign=\"top\" width=\"40%\"><span style=\"font-family: Verdana; font-size: small;\">1 000,-\/\u00e5r<\/span><\/td>\n<\/tr>\n<tr>\n<td valign=\"top\" width=\"60%\"><span style=\"font-family: Verdana; font-size: small;\">Kanot<\/span><\/td>\n<td align=\"center\" valign=\"top\" width=\"40%\"><span style=\"font-family: Verdana; font-size: small;\">50,-\/\u00e5r<\/span><\/td>\n<\/tr>\n<tr>\n<td valign=\"top\" width=\"60%\"><span style=\"font-family: Verdana; font-size: small;\">Jolle<\/span><\/td>\n<td align=\"center\" valign=\"top\" width=\"40%\"><span style=\"font-family: Verdana; font-size: small;\">50,-\/\u00e5r<\/span><\/td>\n<\/tr>\n<tr>\n<td valign=\"top\" width=\"60%\"><span style=\"font-family: Verdana; font-size: small;\">Enbart vinteruppl\u00e4ggning 1)<\/span><\/td>\n<td align=\"center\" valign=\"top\" width=\"40%\"><span style=\"font-family: Verdana; font-size: small;\">200,-\/\u00e5r<\/span><\/td>\n<\/tr>\n<tr>\n<td valign=\"top\" width=\"60%\"><span style=\"font-family: Verdana; font-size: small;\">Utnyttjande av ramp 2) 3)<\/span><\/td>\n<td align=\"center\" valign=\"top\" width=\"40%\"><span style=\"font-family: Verdana; font-size: small;\">50,-\/tillf<\/span><\/td>\n<\/tr>\n<tr>\n<td valign=\"top\" width=\"60%\"><span style=\"font-family: Verdana; font-size: small;\">Utnyttjande av el<\/span><\/td>\n<td align=\"center\" valign=\"top\" width=\"40%\"><span style=\"font-family: Verdana; font-size: small;\">100,-\/\u00e5r<\/span><\/td>\n<\/tr>\n<\/tbody>\n<\/table>\n<p>1) Ing\u00e5r om man har bryggplats<br \/>\n2) Gratis f\u00f6r medlemmar<br \/>\n3) Nyckel till rampen finns att l\u00e5na i aff\u00e4ren och betalas d\u00e4r.<\/p>\n","protected":false},"excerpt":{"rendered":"<p>Avgifterna fastst\u00e4lls av \u00e5rsm\u00f6tet. Avgifter betalas till BBS bankgiro 5220-2587 F\u00f6ljande avgifter g\u00e4ller f\u00f6r 2021. Medlemsavgift 250,-\/\u00e5r Liten b\u00e5t utan Y-bom 250,-\/\u00e5r B\u00e5t med Y-bom 700,-\/\u00e5r Stor b\u00e5t 1 000,-\/\u00e5r Kanot 50,-\/\u00e5r Jolle 50,-\/\u00e5r Enbart vinteruppl\u00e4ggning 1) 200,-\/\u00e5r Utnyttjande av ramp 2) 3) 50,-\/tillf Utnyttjande av el 100,-\/\u00e5r 1) Ing\u00e5r om man har bryggplats 2) [&hellip;]<\/p>\n","protected":false},"author":1,"featured_media":0,"parent":0,"menu_order":0,"comment_status":"closed","ping_status":"closed","template":"page-templates\/full-width-page.php","meta":{"_acf_changed":false,"footnotes":""},"class_list":["post-33","page","type-page","status-publish","hentry","without-featured-image"],"acf":[],"_links":{"self":[{"href":"https:\/\/www.brokind.se\/bbs\/wp-json\/wp\/v2\/pages\/33","targetHints":{"allow":["GET"]}}],"collection":[{"href":"https:\/\/www.brokind.se\/bbs\/wp-json\/wp\/v2\/pages"}],"about":[{"href":"https:\/\/www.brokind.se\/bbs\/wp-json\/wp\/v2\/types\/page"}],"author":[{"embeddable":true,"href":"https:\/\/www.brokind.se\/bbs\/wp-json\/wp\/v2\/users\/1"}],"replies":[{"embeddable":true,"href":"https:\/\/www.brokind.se\/bbs\/wp-json\/wp\/v2\/comments?post=33"}],"version-history":[{"count":8,"href":"https:\/\/www.brokind.se\/bbs\/wp-json\/wp\/v2\/pages\/33\/revisions"}],"predecessor-version":[{"id":339,"href":"https:\/\/www.brokind.se\/bbs\/wp-json\/wp\/v2\/pages\/33\/revisions\/339"}],"wp:attachment":[{"href":"https:\/\/www.brokind.se\/bbs\/wp-json\/wp\/v2\/media?parent=33"}],"curies":[{"name":"wp","href":"https:\/\/api.w.org\/{rel}","templated":true}]}}