{"id":31,"date":"2017-10-15T12:16:10","date_gmt":"2017-10-15T10:16:10","guid":{"rendered":"http:\/\/www.brokind.se\/bbs\/?page_id=31"},"modified":"2021-05-04T10:00:52","modified_gmt":"2021-05-04T08:00:52","slug":"ko-och-bryggregler","status":"publish","type":"page","link":"https:\/\/www.brokind.se\/bbs\/organisation\/ko-och-bryggregler\/","title":{"rendered":"K\u00f6 och bryggregler"},"content":{"rendered":"<p>Det \u00e4r tr\u00e5kigt att beh\u00f6va vara formell men f\u00f6r r\u00e4ttvisans skull har vi n\u00e5gra regler\/principer f\u00f6r hur man erh\u00e5ller och beh\u00e5ller bryggplats.<\/p>\n<h2>BRYGGOR OCH PLATSER<\/h2>\n<p>BBS har tv\u00e5 bryggor med totalt 47 platser samt ett kanotst\u00e4ll med sex platser.<\/p>\n<table>\n<tbody>\n<tr>\n<td width=\"119\"><strong>Brygga<\/strong><\/td>\n<td width=\"74\"><strong>Antal platser<\/strong><\/td>\n<td width=\"411\"><strong>Beskrivning<\/strong><\/td>\n<\/tr>\n<tr>\n<td width=\"119\"><strong>Stora b\u00e5tbryggan<\/strong><\/td>\n<td width=\"74\">38<\/td>\n<td width=\"411\">Platserna 1 \u2013 4 \u00e4r avsedda f\u00f6r mindre b\u00e5tar och saknar Y-bom (se nedan \u2013 Liten b\u00e5t)<br \/>\nPlatserna 5 \u2013 36 \u00e4r f\u00f6rsedda med Y-bom<br \/>\nPlatserna 37 \u2013 38 ligger l\u00e4ngst ut p\u00e5 bryggan med f\u00f6rankring i boj.Y-bomplatser:<br \/>\nFasta avst\u00e5nd mellan bommarna mellan 2,00 \u2013 2,75 m<br \/>\nF\u00f6ljande indelningar anv\u00e4nds:<br \/>\n2,00, 2,25, 2,50 och 2,75 m<br \/>\nPlatserna med st\u00f6rst avst\u00e5nd \u00e4r placerade l\u00e4ngst ut.<br \/>\nRekommenderad b\u00e5tbredd f\u00f6r respektive plats \u00e4r b\u00e5tens bredd + 40 cm<\/td>\n<\/tr>\n<tr>\n<td width=\"119\"><strong>Storb\u00e5ts-bryggan<\/strong><\/td>\n<td width=\"74\">6 + 3<\/td>\n<td width=\"411\">Sex platser f\u00f6r stora b\u00e5tar (som inte f\u00e5r plats vid Y-bom) och tre platser f\u00f6r mindre b\u00e5tar (se nedan \u2013 liten b\u00e5t)<\/td>\n<\/tr>\n<tr>\n<td width=\"119\"><strong>Kanotst\u00e4ll<\/strong><\/td>\n<td width=\"74\">6<\/td>\n<td width=\"411\">Kanoter och kanadensare<\/td>\n<\/tr>\n<\/tbody>\n<\/table>\n<p>&nbsp;<\/p>\n<h3>PLATSER\/Storlek p\u00e5 b\u00e5tar<\/h3>\n<table>\n<tbody>\n<tr>\n<td width=\"102\"><strong>Typ<\/strong><\/td>\n<td width=\"75\"><strong>Platser<\/strong><\/td>\n<td width=\"265\"><strong>Typ, exempel<\/strong><\/td>\n<td width=\"85\"><strong>Max bredd<\/strong><\/td>\n<td width=\"85\"><strong>Max l\u00e4ngd<\/strong><\/td>\n<\/tr>\n<tr>\n<td width=\"102\">Liten b\u00e5t<\/td>\n<td width=\"75\">1 \u2013 4,<br \/>\n39 \u2013 41<\/td>\n<td width=\"265\">\u00d6ppna roddb\u00e5tar eller jollar med motor max ca 10 hkr<\/td>\n<td width=\"85\">1,60<\/td>\n<td width=\"85\">4,50<\/td>\n<\/tr>\n<tr>\n<td width=\"102\">B\u00e5t<\/td>\n<td width=\"75\">5 \u2013 38<\/td>\n<td width=\"265\">Styrpulpet- eller kabinb\u00e5tar vid Y-bom<\/td>\n<td width=\"85\">2,35<\/td>\n<td width=\"85\">6,00<\/td>\n<\/tr>\n<tr>\n<td width=\"102\">Stor b\u00e5t<\/td>\n<td width=\"75\">S1 \u2013 S6<\/td>\n<td width=\"265\">\u00d6vriga b\u00e5tar<\/td>\n<td width=\"85\"><\/td>\n<td width=\"85\"><\/td>\n<\/tr>\n<tr>\n<td width=\"102\">Kanot<\/td>\n<td width=\"75\">K1 \u2013 K6<\/td>\n<td width=\"265\">Kanoter och kanadensare<\/td>\n<td width=\"85\"><\/td>\n<td width=\"85\"><\/td>\n<\/tr>\n<\/tbody>\n<\/table>\n<h3><\/h3>\n<h3>Vem f\u00e5r st\u00e5 i k\u00f6?<\/h3>\n<p>Permanent- eller sommarboende i Brokind har f\u00f6rtur framf\u00f6r \u00f6vriga. Detta inneb\u00e4r i praktiken att de som inte stadigvarande bor i Brokind alltid placeras efter siste brokindsbo i k\u00f6n. Icke brokindsbor erh\u00e5ller plats f\u00f6r ett \u00e5r i taget.<\/p>\n<p>Man kan bara ha en plats per familj. Denna regel kan kringg\u00e5s om lediga platser finns och ingen i k\u00f6n vill utnyttja dessa, i s\u00e5 fall f\u00f6r ett \u00e5r i taget.<\/p>\n<p>Man kan hela tiden k\u00f6a till plats av annan typ, dvs. plats utan Y-bom eller storb\u00e5tsplats. Man kan st\u00e5 i flera k\u00f6er samtidigt.<\/p>\n<p>Endast medlemmar i BBS kan st\u00e5 i k\u00f6.<\/p>\n<p>Om man st\u00e4ller sig i k\u00f6 efter den 1 september g\u00e4ller inbetald medlemsavgift \u00e4ven f\u00f6r n\u00e4stkommande \u00e5r.<\/p>\n<h2>Hur st\u00e4ller man sig i k\u00f6?<\/h2>\n<p>Man anm\u00e4ler sitt platsbehov till styrelsen som registrerar anm\u00e4lan i k\u00f6listan. Datum f\u00f6r registrering \u00e4r n\u00e4r medlemsavgift \u00e4r betald och anm\u00e4lan kommer till styrelsens k\u00e4nnedom.<\/p>\n<p>Plats f\u00f6rdelas efter anm\u00e4lningsdatum till k\u00f6n.<\/p>\n<p>Vid anm\u00e4lan ska, om m\u00f6jligt, uppgift om l\u00e4ngd och bredd p\u00e5 b\u00e5ten l\u00e4mnas.<\/p>\n<p>BBS f\u00f6r fyra k\u00f6listor, en f\u00f6r varje platskategori, som inneh\u00e5ller f\u00f6ljande uppgifter:<\/p>\n<ul>\n<li>namn<\/li>\n<li>adress<\/li>\n<li>telefon<\/li>\n<li>anm\u00e4lningsdatum<\/li>\n<li>eventuella uppgifter om b\u00e5t<\/li>\n<\/ul>\n<p>BBS publicerar k\u00f6-uppgifter (namn, adress och telefon) p\u00e5 Internet. Om man inte vill ha dessa uppgifter publicerade p\u00e5 n\u00e4tet ska detta anges vid anm\u00e4lan.<\/p>\n<p>BBS anv\u00e4nder B\u00e5tunionens\u00a0 administrationsverktyg, BAS, f\u00f6r k\u00f6hanteringen<\/p>\n<h2>Hur f\u00e5r man sin b\u00e5tplats?<\/h2>\n<p>N\u00e4r plats inom respektive kategori blir ledig ska denna erbjudas till den som st\u00e5r f\u00f6rst i k\u00f6listan. Om denne tackar nej placeras denne sist i k\u00f6n och erbjudande g\u00e5r vidare till n\u00e4sta i listan.<\/p>\n<p>Styrelsen har det \u00f6vergripande ansvaret f\u00f6r utplaceringen av b\u00e5tarna och meddelar nya platsnumret till den som f\u00e5tt plats. Styrelsen har r\u00e4tt att beg\u00e4ra omdisponering av b\u00e5tarna mellan platserna av praktiska eller s\u00e4kerhetsm\u00e4ssiga sk\u00e4l.<\/p>\n<p>N\u00e4r man erh\u00e5ller plats eller byter b\u00e5t ska uppgifter om b\u00e5ten l\u00e4mnas till AU:<\/p>\n<ul>\n<li>B\u00e5t \u2013 tillverkare, modell, m\u00e5ttuppgifter, f\u00e4rg, ev registrering<\/li>\n<li>Motor \u2013 tillverkare, styrka<\/li>\n<\/ul>\n<h2>Vad g\u00e4ller n\u00e4r man har plats?<\/h2>\n<p>Plats ska vara belagd med b\u00e5t senast den 1 juni (styrelsen kan besluta om annat datum).<\/p>\n<p>Om b\u00e5t inte sj\u00f6s\u00e4tts till detta datum och styrelsen inte meddelats giltig orsak till detta, exempelvis p\u00e5g\u00e5ende reparation eller sjukdom, mister medlemmen sin plats och den \u00e5terg\u00e5r till BBS. Det \u00e4r styrelsen som avg\u00f6r om platsen \u00e4r f\u00f6rverkad.<\/p>\n<p>F\u00e5r man plats under s\u00e4song ska denna bel\u00e4ggas med b\u00e5t efter \u00f6verenskommelse med styrelsen, dock senast tv\u00e5 veckor efter beskedet.<\/p>\n<p>Om man flyttar fr\u00e5n Brokind efter den 1 juni f\u00e5r man beh\u00e5lla platsen s\u00e4songen ut.<\/p>\n<p>Tolkning: Har man sj\u00f6satt sin b\u00e5t i tid har man r\u00e4tt att utnyttja platsen s\u00e4songen ut. Dock f\u00e5r inte platsen st\u00e5 tom mer \u00e4n i fyra veckor av s\u00e4songen.<\/p>\n<p>Andrahandsuthyrning eller \u2013utl\u00e5ning \u00e4r inte till\u00e5ten. Det inneb\u00e4r att medlem, som av olika sk\u00e4l, inte sj\u00f6s\u00e4tter sin egen b\u00e5t senast den 1 juni inte kan \u201dl\u00e5na ut\u201d platsen till n\u00e5gon annan under kortare eller l\u00e4ngre tid.<\/p>\n<p>Styrelsen f\u00f6rbeh\u00e5lls r\u00e4tten att \u00e4ndra anvisade b\u00e5tplatser med h\u00e4nsyn till b\u00e5tarnas olika storlekar. Uppgift om b\u00e5tars l\u00e4ngd och bredd ska alltid meddelas styrelsen.\u00a0 I och med att Y-bomsplatserna har fasta avst\u00e5nd mellan bommarna m\u00e5ste b\u00e5ten f\u00e5 plats p\u00e5 angiven plats, alternativt kan b\u00e5tar flyttas av styrelsen f\u00f6r att uppn\u00e5 optimal placering av b\u00e5tarna. N\u00e4r man tilldelats plats finns det ingen absolut garanti att man f\u00e5r en plats om det inte g\u00e5r att skapa l\u00e4mplig plats men naturligtvis f\u00f6rs\u00f6ker styrelsen att l\u00f6sa uppgiften.<\/p>\n<p>Bryggplatser g\u00e5r inte att \u00f6verl\u00e5ta vid fastighetsf\u00f6rs\u00e4ljning eller genom arv. Den enda chansen att f\u00e5 en plats vid BBS bryggor \u00e4r att st\u00e4lla sig i k\u00f6.<\/p>\n<p>BBS-medlemmars b\u00e5tar som ligger vid bryggan ska vara f\u00f6rs\u00e4krade.<\/p>\n<p>BBS publicerar platsuppgifter (namn, adress och telefon) p\u00e5 Internet. Om man inte vill ha dessa uppgifter publicerade p\u00e5 n\u00e4tet ska detta meddelas kass\u00f6ren.<\/p>\n<h2>Vad h\u00e4nder n\u00e4r s\u00e4songen \u00e4r slut?<\/h2>\n<p>Medlemmar har r\u00e4tt att under vinters\u00e4songen utnyttja BBS omr\u00e5de f\u00f6r vinterf\u00f6rvaring av sin b\u00e5t. Medlem med b\u00e5tplats kan utnyttja denna m\u00f6jlighet kostnadsfritt, \u00f6vriga betalar en \u00e5rlig avgift.<\/p>\n<p>B\u00e5t f\u00e5r ej vara upplagd p\u00e5 stranden under perioden 1 juni till 31 augusti.<\/p>\n<p>B\u00e5t som vinterf\u00f6rvaras p\u00e5 BBS omr\u00e5det ska vara m\u00e4rkt med \u00e4garens namn, adress och telefonnummer.<\/p>\n<p>Trailers och vaggor som st\u00e4lls upp p\u00e5 BBS omr\u00e5de ska m\u00e4rkas p\u00e5 samma s\u00e4tt som b\u00e5tarna.<\/p>\n<h2>\u00d6vrigt<\/h2>\n<p>N\u00e4r man f\u00e5tt plats har man ocks\u00e5 arbetsplikt n\u00e4r det g\u00e4ller sk\u00f6tseln av b\u00e5tklubbens omr\u00e5de och underh\u00e5ll av BBS bryggor och \u00f6vriga anl\u00e4ggningar.<\/p>\n<p>Under s\u00e4song f\u00e5r inte b\u00e5tar l\u00e4ggas p\u00e5 stranden inom BBS omr\u00e5de. Undantaget \u00e4r de medlemmar som har sl\u00e4pjollar till sina st\u00f6rre b\u00e5tar. Dessa ska l\u00e4ggas p\u00e5 stranden innanf\u00f6r storb\u00e5tsbryggan.<\/p>\n<p>&nbsp;<\/p>\n","protected":false},"excerpt":{"rendered":"<p>Det \u00e4r tr\u00e5kigt att beh\u00f6va vara formell men f\u00f6r r\u00e4ttvisans skull har vi n\u00e5gra regler\/principer f\u00f6r hur man erh\u00e5ller och beh\u00e5ller bryggplats. BRYGGOR OCH PLATSER BBS har tv\u00e5 bryggor med totalt 47 platser samt ett kanotst\u00e4ll med sex platser. Brygga Antal platser Beskrivning Stora b\u00e5tbryggan 38 Platserna 1 \u2013 4 \u00e4r avsedda f\u00f6r mindre b\u00e5tar [&hellip;]<\/p>\n","protected":false},"author":1,"featured_media":0,"parent":14,"menu_order":0,"comment_status":"closed","ping_status":"closed","template":"page-templates\/full-width-page.php","meta":{"_acf_changed":false,"footnotes":""},"class_list":["post-31","page","type-page","status-publish","hentry","without-featured-image"],"acf":[],"_links":{"self":[{"href":"https:\/\/www.brokind.se\/bbs\/wp-json\/wp\/v2\/pages\/31","targetHints":{"allow":["GET"]}}],"collection":[{"href":"https:\/\/www.brokind.se\/bbs\/wp-json\/wp\/v2\/pages"}],"about":[{"href":"https:\/\/www.brokind.se\/bbs\/wp-json\/wp\/v2\/types\/page"}],"author":[{"embeddable":true,"href":"https:\/\/www.brokind.se\/bbs\/wp-json\/wp\/v2\/users\/1"}],"replies":[{"embeddable":true,"href":"https:\/\/www.brokind.se\/bbs\/wp-json\/wp\/v2\/comments?post=31"}],"version-history":[{"count":7,"href":"https:\/\/www.brokind.se\/bbs\/wp-json\/wp\/v2\/pages\/31\/revisions"}],"predecessor-version":[{"id":385,"href":"https:\/\/www.brokind.se\/bbs\/wp-json\/wp\/v2\/pages\/31\/revisions\/385"}],"up":[{"embeddable":true,"href":"https:\/\/www.brokind.se\/bbs\/wp-json\/wp\/v2\/pages\/14"}],"wp:attachment":[{"href":"https:\/\/www.brokind.se\/bbs\/wp-json\/wp\/v2\/media?parent=31"}],"curies":[{"name":"wp","href":"https:\/\/api.w.org\/{rel}","templated":true}]}}