{"id":29,"date":"2017-10-15T12:15:47","date_gmt":"2017-10-15T10:15:47","guid":{"rendered":"http:\/\/www.brokind.se\/bbs\/?page_id=29"},"modified":"2017-10-25T20:30:29","modified_gmt":"2017-10-25T18:30:29","slug":"stadgar","status":"publish","type":"page","link":"https:\/\/www.brokind.se\/bbs\/organisation\/stadgar\/","title":{"rendered":"Stadgar"},"content":{"rendered":"<p>Fastst\u00e4llda vid \u00e5rsm\u00f6tet 1979-04-09<\/p>\n<h2>\u00a71 Namn<\/h2>\n<p>Brokinds B\u00e5ts\u00e4llskap, BBS, bildat den 10 juni 1976 \u00e4r en sammanslutning f\u00f6r b\u00e5tintresserade medlemmar i Brokind med omnejd.<\/p>\n<h2>\u00a72 \u00c4ndam\u00e5l och syfte<\/h2>\n<p>B\u00e5tklubbens \u00e4ndam\u00e5l och syfte \u00e4r att verka f\u00f6r medlemmarna genom att <\/p>\n<ul>\n<li>tillvarata b\u00e5tfolkets intressen i fr\u00e5gor som r\u00f6r, bland annat, sm\u00e5b\u00e5tshamnar och uppl\u00e4ggningsplatser (2.1) <\/li>\n<li>vara r\u00e5dgivande kontaktorgan och remissinstans f\u00f6r lokala myndigheter och organisationer (2.2)<\/li>\n<li>genom upplysningar och information verka f\u00f6r \u00f6kad sj\u00f6s\u00e4kerhet (2.3)<\/li>\n<li>genom olika arrangemang inom b\u00e5tklubbens ram verka f\u00f6r medlemmarnas trevnad (2.4)<\/li>\n<\/ul>\n<h2>\u00a73 Medlemskap<\/h2>\n<p>3.1<br \/>\nMedlem inv\u00e4ljs av styrelsen efter d\u00e4rom gjord ans\u00f6kan.<\/p>\n<p>3.2<br \/>\nBeviljat medlemskap ber\u00e4ttigar i och f\u00f6r sig ej till sommar eller vinterplats f\u00f6r medlems b\u00e5t p\u00e5 b\u00e5tklubbens varv eller hamn, men \u00e4r en f\u00f6ruts\u00e4ttning f\u00f6r att s\u00e5dan plats skall kunna tilldelas. Inom Brokind bosatta medlemmar \u00e4ger f\u00f6retr\u00e4desr\u00e4tt till hamn och varvsplatser.<\/p>\n<p>3.3<br \/>\nGenom beslut p\u00e5 ordinarie \u00e5rsm\u00f6te kan medlem, efter f\u00f6rslag av styrelse, utses till hedersmedlem, befriad fr\u00e5n medlemsavgift.<\/p>\n<p>3.4<br \/>\nMedlem som inte inom 1 (en) m\u00e5nad after avisering fr\u00e5n kass\u00f6ren erl\u00e4gger f\u00f6reskriven avgift, kan efter styrelsens pr\u00f6vning anses ha uttr\u00e4tt ur klubben.<\/p>\n<p>3.5<br \/>\nMedlem som genom klanderv\u00e4rt handlingss\u00e4tt skadar klubben eller dess anseende, kan av \u00e5rsm\u00f6tet, eller extra medlemsm\u00f6te uteslutas.<\/p>\n<h2>\u00a74 Beslutande organ<\/h2>\n<p>B\u00e5tklubbens beslutande organ \u00e4r:<\/p>\n<ul>\n<li>\u00c5rsm\u00f6te (4.1)<\/li>\n<li>Extra m\u00f6te (4.2)<\/li>\n<li>Styrelsen (4.3)<\/li>\n<\/ul>\n<h2>\u00a75 Verksamhets\u00e5r<\/h2>\n<p>B\u00e5tklubbens verksamhets- och r\u00e4kenskaps\u00e5r sammanfaller med kalender\u00e5r.<\/p>\n<h2>\u00a76 Uppgifter till B\u00e5tf\u00f6rbund<\/h2>\n<p>B\u00e5tklubben ska senast den 20 januari \u00e5rligen ins\u00e4nda av f\u00f6rbundsstyrelsen beg\u00e4rda uppgifter betr\u00e4ffande klubbstyrelsens sammans\u00e4ttning, klubbens medlemsantal och b\u00e5tantal enligt senaste \u00e5rsredovisning.<\/p>\n<h2>\u00a77 Avgifter<\/h2>\n<p>Medlem ska \u00e5rligen erl\u00e4gga av \u00e5rsm\u00f6tet beslutade avgifter, senast en m\u00e5nad efter debitering.<\/p>\n<h2>\u00a78 \u00c5rsm\u00f6te <\/h2>\n<p>8.1<br \/>\n\u00c5rsm\u00f6te avh\u00e5lls \u00e5rligen senast under mars m\u00e5nad.<\/p>\n<p>8.2<br \/>\nDatum och plats f\u00f6r \u00e5rsm\u00f6tet meddelas senast en m\u00e5nad i f\u00f6rv\u00e4g.<\/p>\n<p>Till\u00e4gg:<br \/>\nKallelse, verksamhetsber\u00e4ttelse, revisionsber\u00e4ttelse, f\u00f6redragningslista, kommitt\u00e9ers rapporter, inkomna motioner, f\u00f6rslag och framst\u00e4llningar uts\u00e4nds senast tv\u00e5 veckor f\u00f6re \u00e5rsm\u00f6tet.<\/p>\n<p>8.3<br \/>\nMedlem \u00e4ger vid \u00e5rsm\u00f6te en r\u00f6st.<br \/>\nR\u00f6stning med fullmakt medges ej.<\/p>\n<p>8.4<br \/>\nF\u00f6ljande \u00e4renden ska f\u00f6rekomma p\u00e5 \u00e5rsm\u00f6tet:<\/p>\n<ul>\n<li>Val av ordf\u00f6rande och sekreterare f\u00f6r m\u00f6tet<\/li>\n<li>Fr\u00e5ga om \u00e5rsm\u00f6tet \u00e4r i beh\u00f6rig ordning utlyst<\/li>\n<li>Val av tv\u00e5 personer att j\u00e4mte ordf\u00f6rande  justera \u00e5rsm\u00f6tets protokoll<\/li>\n<li>Behandling av styrelsens ber\u00e4ttelse \u00f6ver verksamhet och f\u00f6rvaltning<\/li>\n<li>Behandling av revisorernas ber\u00e4ttelse<\/li>\n<li>Beslut ang\u00e5ende ansvarsfrihet f\u00f6r styrelsen<\/li>\n<li>Fastst\u00e4llande av inkomst- och utgiftsstat<\/li>\n<li>Val av styrelse enligt punkt 10<\/li>\n<li>Val av revisorer enligt punkt 11<\/li>\n<li>Val av valberedning enligt punkt 12<\/li>\n<li>\u00d6vriga val<\/li>\n<li>Behandling av motioner samt f\u00f6rslag och framst\u00e4llningar fr\u00e5n styrelsen<\/li>\n<li>Behandling av f\u00f6rslag till \u00e5rsprogram<\/li>\n<li>\u00d6vriga \u00e4renden<\/li>\n<\/ul>\n<h2>\u00a79 Extra m\u00f6te<\/h2>\n<p>9.1<br \/>\nExtra m\u00f6te h\u00e5lles n\u00e4r styrelsen finner s\u00e5 p\u00e5kallat eller om 1\/3 av b\u00e5tklubbens medlemmar g\u00f6r framst\u00e4llning h\u00e4rom.<\/p>\n<p>9.2<br \/>\nKallelse till extra m\u00f6te uts\u00e4nds senast tv\u00e5 veckor f\u00f6re dess avh\u00e5llande.<\/p>\n<p>Kallelse ska inneh\u00e5lla motivering f\u00f6r det extra m\u00f6tets utlysning, f\u00f6redragningslista samt handlingar g\u00e4llande det eller de \u00e4renden som ska behandlas.<\/p>\n<h2>\u00a710 Styrelse<\/h2>\n<p>10.1<br \/>\nStyrelsen \u00e5ligger, ut\u00f6ver vad som eljest s\u00e4ga i dessa stadgar att:<\/p>\n<ul>\n<li>representera b\u00e5tklubben<\/li>\n<li>vara b\u00e5tklubbens verkst\u00e4llande organ<\/li>\n<li>f\u00f6rbereda inkomna \u00e4renden och motioner f\u00f6r \u00e5rsm\u00f6tet<\/li>\n<li>uppr\u00e4tta ber\u00e4ttelse om b\u00e5tklubbens verksamhet samt att f\u00f6resl\u00e5 inkomst- och utgiftsstat<\/li>\n<li>f\u00f6rvalta klubbens medel och b\u00e4ra ansvar f\u00f6r dess ekonomi<\/li>\n<li>ange uppdrag f\u00f6r kommitt\u00e9er och arbetsuppgifter med speciella uppgifter<\/li>\n<\/ul>\n<p>10.2<br \/>\nStyrelsen ska best\u00e5 av f\u00f6ljande ledam\u00f6ter:<\/p>\n<ul>\n<li>ordf\u00f6rande<\/li>\n<li>vice ordf\u00f6rande<\/li>\n<li>sekreterare<\/li>\n<li>kass\u00f6r samt<\/li>\n<li>en ordinarie ledamot<\/li>\n<\/ul>\n<p>vilka v\u00e4ljes f\u00f6r en tid av tv\u00e5 p\u00e5 s\u00e5 s\u00e4tt att ordf\u00f6rande, kass\u00f6r och ledamot v\u00e4ljs vid \u00e5rsm\u00f6te med j\u00e4mnt \u00e5rtal och \u00f6vriga v\u00e4ljes vid udda \u00e5rtal.<\/p>\n<p>Tv\u00e5 suppleanter v\u00e4ljes f\u00f6r en tid av ett \u00e5r.<\/p>\n<p>10.3<br \/>\nStyrelsen \u00e4r beslutsm\u00e4ssig d\u00e5 mer \u00e4n halva antalet ledam\u00f6ter \u00e4r n\u00e4rvarande.<\/p>\n<h2>\u00a711 Revision<\/h2>\n<p>11.1<br \/>\nB\u00e5tklubbens verksamhet granskas av tv\u00e5 revisorer, vilka v\u00e4ljes f\u00f6r en tid av tv\u00e5 \u00e5r och vilka avg\u00e5r v\u00e4xelvis vartannat \u00e5r. \u00c5rligen v\u00e4ljs en suppleant f\u00f6r en tid av ett \u00e5r.<\/p>\n<p>11.2<br \/>\nKass\u00f6ren ska \u00f6verl\u00e4mna f\u00f6r revisionen erforderliga handlingar till revisorerna f\u00f6re den 1 februari.<\/p>\n<p>Revisionsber\u00e4ttelse ska \u00f6verl\u00e4mnas till styrelsen senast tre veckor f\u00f6re \u00e5rsm\u00f6tet.<\/p>\n<h2>\u00a712 Valberedning<\/h2>\n<p>12.1<br \/>\nValberedningen best\u00e5r av tre ledam\u00f6ter, valda av \u00e5rsm\u00f6tet f\u00f6r en tid intill n\u00e4sta \u00e5rsm\u00f6te. En av ledam\u00f6terna utses av \u00e5rsm\u00f6tet att vara valberedningens ordf\u00f6rande.<\/p>\n<p>12.2<br \/>\nLedamot av styrelsen eller revisor kan inte ing\u00e5 i valberedningen.<\/p>\n<h2>\u00a713 Kommitt\u00e9er och arbetsgrupper<\/h2>\n<p>Inr\u00e4ttande av st\u00e5endekommitt\u00e9er beslutas av \u00e5rsm\u00f6tet, som \u00e4ven med ett \u00e5rs mandattid tills\u00e4tter ordf\u00f6rande i s\u00e5dan kommitt\u00e9.<\/p>\n<p>Ledam\u00f6ter i s\u00e5dan kommitt\u00e9 utses av styrelsen.<\/p>\n<p>Tillf\u00e4lliga arbetsgrupper inr\u00e4ttas vid behov av styrelsen.<\/p>\n<h2>\u00a714 Beslut och val<\/h2>\n<p>Alla \u00e4renden avg\u00f6rs med enkel majoritet, d\u00e4r ej kvalificerad majoritet \u00e4r i dessa stadgar s\u00e4rskilt f\u00f6reskriven.<\/p>\n<p>Avg\u00f6rande sker genom \u00f6ppen omr\u00f6stning utom f\u00f6r de fall att vid val n\u00e5gon fordrar sluten s\u00e5dan.<\/p>\n<p>Vid fall av lika r\u00f6stetal \u00e4ger ordf\u00f6randen utslagsr\u00f6st.<\/p>\n<h2>\u00a715 Firmateckning<\/h2>\n<p>B\u00e5tklubben tecknas av ordf\u00f6randen i f\u00f6rening med kass\u00f6ren.<\/p>\n<h2>\u00a716 Emblem och f\u00f6rtj\u00e4nsttecken<\/h2>\n<p>F\u00f6r b\u00e5tklubbens emblem och f\u00f6rtj\u00e4nsttecken g\u00e4ller s\u00e4rskilt utf\u00e4rdade best\u00e4mmelser.<\/p>\n<h2>\u00a717 Stadge\u00e4ndring<\/h2>\n<p>Beslut om \u00e4ndring av dessa stadgar ska fattas vid ordinarie \u00e5rsm\u00f6te. 2\/3 majoritet av vid m\u00f6tet n\u00e4rvarande medlemmar erfordras f\u00f6r beslutets giltighet.<\/p>\n<h2>\u00a718 B\u00e5tklubbens uppl\u00f6sning<\/h2>\n<p>Beslut om b\u00e5tklubbens uppl\u00f6sning ska f\u00f6r att vara giltigt fattas med 3\/4 majoritet av n\u00e4rvarande, r\u00f6stber\u00e4ttigade vid tv\u00e5 p\u00e5 varandra f\u00f6ljande \u00e5rsm\u00f6ten.<\/p>\n","protected":false},"excerpt":{"rendered":"<p>Fastst\u00e4llda vid \u00e5rsm\u00f6tet 1979-04-09 \u00a71 Namn Brokinds B\u00e5ts\u00e4llskap, BBS, bildat den 10 juni 1976 \u00e4r en sammanslutning f\u00f6r b\u00e5tintresserade medlemmar i Brokind med omnejd. \u00a72 \u00c4ndam\u00e5l och syfte B\u00e5tklubbens \u00e4ndam\u00e5l och syfte \u00e4r att verka f\u00f6r medlemmarna genom att tillvarata b\u00e5tfolkets intressen i fr\u00e5gor som r\u00f6r, bland annat, sm\u00e5b\u00e5tshamnar och uppl\u00e4ggningsplatser (2.1) vara r\u00e5dgivande kontaktorgan [&hellip;]<\/p>\n","protected":false},"author":1,"featured_media":0,"parent":14,"menu_order":0,"comment_status":"closed","ping_status":"closed","template":"page-templates\/full-width-page.php","meta":{"_acf_changed":false,"footnotes":""},"class_list":["post-29","page","type-page","status-publish","hentry","without-featured-image"],"acf":[],"_links":{"self":[{"href":"https:\/\/www.brokind.se\/bbs\/wp-json\/wp\/v2\/pages\/29","targetHints":{"allow":["GET"]}}],"collection":[{"href":"https:\/\/www.brokind.se\/bbs\/wp-json\/wp\/v2\/pages"}],"about":[{"href":"https:\/\/www.brokind.se\/bbs\/wp-json\/wp\/v2\/types\/page"}],"author":[{"embeddable":true,"href":"https:\/\/www.brokind.se\/bbs\/wp-json\/wp\/v2\/users\/1"}],"replies":[{"embeddable":true,"href":"https:\/\/www.brokind.se\/bbs\/wp-json\/wp\/v2\/comments?post=29"}],"version-history":[{"count":10,"href":"https:\/\/www.brokind.se\/bbs\/wp-json\/wp\/v2\/pages\/29\/revisions"}],"predecessor-version":[{"id":110,"href":"https:\/\/www.brokind.se\/bbs\/wp-json\/wp\/v2\/pages\/29\/revisions\/110"}],"up":[{"embeddable":true,"href":"https:\/\/www.brokind.se\/bbs\/wp-json\/wp\/v2\/pages\/14"}],"wp:attachment":[{"href":"https:\/\/www.brokind.se\/bbs\/wp-json\/wp\/v2\/media?parent=29"}],"curies":[{"name":"wp","href":"https:\/\/api.w.org\/{rel}","templated":true}]}}