{"id":16,"date":"2017-10-14T19:25:34","date_gmt":"2017-10-14T17:25:34","guid":{"rendered":"http:\/\/www.brokind.se\/bbs\/?page_id=16"},"modified":"2017-10-26T22:44:13","modified_gmt":"2017-10-26T20:44:13","slug":"anlaggning","status":"publish","type":"page","link":"https:\/\/www.brokind.se\/bbs\/anlaggning\/","title":{"rendered":"Anl\u00e4ggning"},"content":{"rendered":"<p><a href=\"http:\/\/www.brokind.se\/bbs\/anlaggning\/brygga-for-sma-batar\/\">Brygga f\u00f6r sm\u00e5 b\u00e5tar<\/a><\/p>\n<p><a href=\"http:\/\/www.brokind.se\/bbs\/anlaggning\/brygga-for-stora-batar\/\">Brygga f\u00f6r stora b\u00e5tar<\/a><\/p>\n<p><a href=\"http:\/\/www.brokind.se\/bbs\/anlaggning\/kanotstall-och-jollar\/\">Kanotst\u00e4ll och jollar<\/a><\/p>\n<p><a href=\"http:\/\/www.brokind.se\/bbs\/anlaggning\/koer\/\">K\u00f6er<\/a><\/p>\n<p><a href=\"http:\/\/www.brokind.se\/bbs\/anlaggning\/ramp-el\/\">Ramp och el<\/a><\/p>\n","protected":false},"excerpt":{"rendered":"<p>Brygga f\u00f6r sm\u00e5 b\u00e5tar Brygga f\u00f6r stora b\u00e5tar Kanotst\u00e4ll och jollar K\u00f6er Ramp och el<\/p>\n","protected":false},"author":1,"featured_media":0,"parent":0,"menu_order":0,"comment_status":"closed","ping_status":"closed","template":"page-templates\/full-width-page.php","meta":{"_acf_changed":false,"footnotes":""},"class_list":["post-16","page","type-page","status-publish","hentry","without-featured-image"],"acf":[],"_links":{"self":[{"href":"https:\/\/www.brokind.se\/bbs\/wp-json\/wp\/v2\/pages\/16","targetHints":{"allow":["GET"]}}],"collection":[{"href":"https:\/\/www.brokind.se\/bbs\/wp-json\/wp\/v2\/pages"}],"about":[{"href":"https:\/\/www.brokind.se\/bbs\/wp-json\/wp\/v2\/types\/page"}],"author":[{"embeddable":true,"href":"https:\/\/www.brokind.se\/bbs\/wp-json\/wp\/v2\/users\/1"}],"replies":[{"embeddable":true,"href":"https:\/\/www.brokind.se\/bbs\/wp-json\/wp\/v2\/comments?post=16"}],"version-history":[{"count":2,"href":"https:\/\/www.brokind.se\/bbs\/wp-json\/wp\/v2\/pages\/16\/revisions"}],"predecessor-version":[{"id":155,"href":"https:\/\/www.brokind.se\/bbs\/wp-json\/wp\/v2\/pages\/16\/revisions\/155"}],"wp:attachment":[{"href":"https:\/\/www.brokind.se\/bbs\/wp-json\/wp\/v2\/media?parent=16"}],"curies":[{"name":"wp","href":"https:\/\/api.w.org\/{rel}","templated":true}]}}