{"id":1304,"date":"2026-03-08T20:27:10","date_gmt":"2026-03-08T19:27:10","guid":{"rendered":"https:\/\/www.brokind.se\/bbf\/?page_id=1304"},"modified":"2026-03-22T20:06:19","modified_gmt":"2026-03-22T19:06:19","slug":"bli-medlem","status":"publish","type":"page","link":"https:\/\/www.brokind.se\/bbf\/bli-medlem\/","title":{"rendered":"Bli medlem"},"content":{"rendered":"\n<div class=\"wp-block-columns is-layout-flex wp-container-core-columns-is-layout-9d6595d7 wp-block-columns-is-layout-flex\">\n<div class=\"wp-block-column is-layout-flow wp-block-column-is-layout-flow\" style=\"flex-basis:66.66%\">\n<p>Medlemsavgiften \u00e4r <strong>100 kr per hush\u00e5ll <\/strong>och g\u00e4ller f\u00f6r det kalender\u00e5r d\u00e5 betalningen g\u00f6rs.<\/p>\n\n\n\n<p>Betala enkelt via <strong>Swish 123 039 38 43<\/strong> eller <strong>bankgiro 5443-5516<\/strong>. Ange namn och adress vid betalningen s\u00e5 registrerar vi dig som medlem.<\/p>\n\n\n\n<p>Medlemskapet f\u00f6rnyas varje \u00e5r. \u00c5rsavgiften fastst\u00e4lls vid ordinarie \u00e5rsm\u00f6te.<\/p>\n<\/div>\n\n\n\n<div class=\"wp-block-column is-layout-flow wp-block-column-is-layout-flow\" style=\"flex-basis:33.33%\">\n<figure class=\"wp-block-image size-full\"><img loading=\"lazy\" decoding=\"async\" width=\"625\" height=\"945\" src=\"https:\/\/www.brokind.se\/bbf\/wp-content\/uploads\/2026\/03\/swish-QR-small-1-1.png\" alt=\"\" class=\"wp-image-1349\" srcset=\"https:\/\/www.brokind.se\/bbf\/wp-content\/uploads\/2026\/03\/swish-QR-small-1-1.png 625w, https:\/\/www.brokind.se\/bbf\/wp-content\/uploads\/2026\/03\/swish-QR-small-1-1-198x300.png 198w\" sizes=\"auto, (max-width: 625px) 100vw, 625px\" \/><\/figure>\n<\/div>\n<\/div>\n\n\n\n<h2 class=\"wp-block-heading\">Varf\u00f6r bli medlem?<\/h2>\n\n\n\n<p>Boendef\u00f6reningen har sedan 1951 verkat f\u00f6r att g\u00f6ra Brokind till en trivsam och trygg plats att bo p\u00e5.<\/p>\n\n\n\n<p>Historiskt har f\u00f6reningen medverkat till samh\u00e4llets utveckling, bland annat genom att delta i projektet f\u00f6r att dra in bredband i samh\u00e4llet, delta i samr\u00e5dsgrupper med kommunen kring utbyggnad och planering, och hitta en ny plats f\u00f6r ristippen n\u00e4r den gamla f\u00f6rsvann. F\u00f6reningen har ocks\u00e5 tagit stort ansvar f\u00f6r att g\u00f6ra badplatsen till den fina strand den \u00e4r i dag, och st\u00f6ttat b\u00e5de Brokinds aff\u00e4r och Brokinds idrottsf\u00f6rening med syfte att h\u00e5lla den lokala handeln och idrottsverksamheten levande i samh\u00e4llet.<\/p>\n\n\n\n<p>Numera underh\u00e5ller styrelsen samh\u00e4llets hj\u00e4rtstartare, sk\u00f6ter ristippen tillsammans med en lokal entrepren\u00f6r, underh\u00e5ller och sj\u00f6s\u00e4tter flotten vid Brokinds badstrand och k\u00f6per in leksaker till lekplatser och badplats. Vi arrangerar aktiviteter som julgransplundring, strandst\u00e4d och skridskodisco, och driver fr\u00e5gor om trafiks\u00e4kerhet, belysning och g\u00e5ng- och cykelv\u00e4gar gentemot kommunen. Styrelsen bidrar ocks\u00e5 tillsammans med kommunen till att medvetandeg\u00f6ra krisberedskap.<\/p>\n\n\n\n<p>Med fler medlemmar kan vi g\u00f6ra mer.<\/p>\n","protected":false},"excerpt":{"rendered":"<p>Medlemsavgiften \u00e4r 100 kr per hush\u00e5ll och g\u00e4ller f\u00f6r det kalender\u00e5r d\u00e5 betalningen g\u00f6rs. Betala enkelt via Swish 123 039 38 43 eller bankgiro 5443-5516. Ange namn och adress vid betalningen s\u00e5 registrerar vi dig som medlem. Medlemskapet f\u00f6rnyas varje \u00e5r. \u00c5rsavgiften fastst\u00e4lls vid ordinarie \u00e5rsm\u00f6te. Varf\u00f6r bli medlem? Boendef\u00f6reningen har sedan 1951 verkat f\u00f6r&#8230;<\/p>\n","protected":false},"author":5,"featured_media":0,"parent":0,"menu_order":0,"comment_status":"closed","ping_status":"closed","template":"","meta":{"_acf_changed":false,"_kad_post_transparent":"","_kad_post_title":"","_kad_post_layout":"","_kad_post_sidebar_id":"","_kad_post_content_style":"","_kad_post_vertical_padding":"","_kad_post_feature":"","_kad_post_feature_position":"","_kad_post_header":false,"_kad_post_footer":false,"_kad_post_classname":"","footnotes":""},"class_list":["post-1304","page","type-page","status-publish","hentry"],"acf":[],"_links":{"self":[{"href":"https:\/\/www.brokind.se\/bbf\/wp-json\/wp\/v2\/pages\/1304","targetHints":{"allow":["GET"]}}],"collection":[{"href":"https:\/\/www.brokind.se\/bbf\/wp-json\/wp\/v2\/pages"}],"about":[{"href":"https:\/\/www.brokind.se\/bbf\/wp-json\/wp\/v2\/types\/page"}],"author":[{"embeddable":true,"href":"https:\/\/www.brokind.se\/bbf\/wp-json\/wp\/v2\/users\/5"}],"replies":[{"embeddable":true,"href":"https:\/\/www.brokind.se\/bbf\/wp-json\/wp\/v2\/comments?post=1304"}],"version-history":[{"count":8,"href":"https:\/\/www.brokind.se\/bbf\/wp-json\/wp\/v2\/pages\/1304\/revisions"}],"predecessor-version":[{"id":1370,"href":"https:\/\/www.brokind.se\/bbf\/wp-json\/wp\/v2\/pages\/1304\/revisions\/1370"}],"wp:attachment":[{"href":"https:\/\/www.brokind.se\/bbf\/wp-json\/wp\/v2\/media?parent=1304"}],"curies":[{"name":"wp","href":"https:\/\/api.w.org\/{rel}","templated":true}]}}