{"id":1273,"date":"2026-03-08T16:22:32","date_gmt":"2026-03-08T15:22:32","guid":{"rendered":"https:\/\/www.brokind.se\/bbf\/?page_id=1273"},"modified":"2026-03-08T16:22:42","modified_gmt":"2026-03-08T15:22:42","slug":"integritetspolicy-fro-brokinds-boendeforening","status":"publish","type":"page","link":"https:\/\/www.brokind.se\/bbf\/integritetspolicy-fro-brokinds-boendeforening\/","title":{"rendered":"Integritetspolicy f\u00f6r Brokinds Boendef\u00f6rening"},"content":{"rendered":"\n<p>Styrelsen f\u00f6r Brokinds Boendef\u00f6rening sparar namn, adress och i f\u00f6rekommande fall telefonnummer (vid betalning via Swish) p\u00e5 v\u00e5ra medlemmar. Detta f\u00f6r att uppfylla v\u00e5rt stadgeenliga krav p\u00e5 att f\u00f6ra medlemsf\u00f6rteckning.<\/p>\n\n\n\n<p>Vi delar inte dina uppgifter med n\u00e5gon utomst\u00e5ende.<\/p>\n\n\n\n<p>Vill du veta vad vi har sparat om dig, eller vill du att vi tar bort dina uppgifter, <br>h\u00f6r av dig till <a href=\"mailto:bbf-styrelse@brokind.se\">bbf-styrelse@brokind.se<\/a>.<\/p>\n\n\n\n<p><em>Brokinds Boendef\u00f6rening, mars 2026<\/em><\/p>\n","protected":false},"excerpt":{"rendered":"<p>Styrelsen f\u00f6r Brokinds Boendef\u00f6rening sparar namn, adress och i f\u00f6rekommande fall telefonnummer (vid betalning via Swish) p\u00e5 v\u00e5ra medlemmar. Detta f\u00f6r att uppfylla v\u00e5rt stadgeenliga krav p\u00e5 att f\u00f6ra medlemsf\u00f6rteckning. Vi delar inte dina uppgifter med n\u00e5gon utomst\u00e5ende. Vill du veta vad vi har sparat om dig, eller vill du att vi tar bort dina&#8230;<\/p>\n","protected":false},"author":5,"featured_media":0,"parent":0,"menu_order":0,"comment_status":"closed","ping_status":"closed","template":"","meta":{"_acf_changed":false,"_kad_post_transparent":"","_kad_post_title":"","_kad_post_layout":"","_kad_post_sidebar_id":"","_kad_post_content_style":"","_kad_post_vertical_padding":"","_kad_post_feature":"","_kad_post_feature_position":"","_kad_post_header":false,"_kad_post_footer":false,"_kad_post_classname":"","footnotes":""},"class_list":["post-1273","page","type-page","status-publish","hentry"],"acf":[],"_links":{"self":[{"href":"https:\/\/www.brokind.se\/bbf\/wp-json\/wp\/v2\/pages\/1273","targetHints":{"allow":["GET"]}}],"collection":[{"href":"https:\/\/www.brokind.se\/bbf\/wp-json\/wp\/v2\/pages"}],"about":[{"href":"https:\/\/www.brokind.se\/bbf\/wp-json\/wp\/v2\/types\/page"}],"author":[{"embeddable":true,"href":"https:\/\/www.brokind.se\/bbf\/wp-json\/wp\/v2\/users\/5"}],"replies":[{"embeddable":true,"href":"https:\/\/www.brokind.se\/bbf\/wp-json\/wp\/v2\/comments?post=1273"}],"version-history":[{"count":3,"href":"https:\/\/www.brokind.se\/bbf\/wp-json\/wp\/v2\/pages\/1273\/revisions"}],"predecessor-version":[{"id":1277,"href":"https:\/\/www.brokind.se\/bbf\/wp-json\/wp\/v2\/pages\/1273\/revisions\/1277"}],"wp:attachment":[{"href":"https:\/\/www.brokind.se\/bbf\/wp-json\/wp\/v2\/media?parent=1273"}],"curies":[{"name":"wp","href":"https:\/\/api.w.org\/{rel}","templated":true}]}}